{"id":450,"date":"2023-07-22T10:32:39","date_gmt":"2023-07-22T10:32:39","guid":{"rendered":"https:\/\/sleepy-galileo.87-106-204-225.plesk.page\/?page_id=450"},"modified":"2026-02-01T17:52:08","modified_gmt":"2026-02-01T16:52:08","slug":"impressum","status":"publish","type":"page","link":"https:\/\/soeren-thomanek.de\/index.php\/impressum\/","title":{"rendered":"Impressum"},"content":{"rendered":"\t\t<div data-elementor-type=\"wp-page\" data-elementor-id=\"450\" class=\"elementor elementor-450\" data-elementor-post-type=\"page\">\n\t\t\t\t<div class=\"elementor-element elementor-element-4e720b7 e-flex e-con-boxed e-con e-parent\" data-id=\"4e720b7\" data-element_type=\"container\" data-e-type=\"container\">\n\t\t\t\t\t<div class=\"e-con-inner\">\n\t\t\t\t<div class=\"elementor-element elementor-element-8e4d3f0 elementor-widget elementor-widget-elementskit-heading\" data-id=\"8e4d3f0\" data-element_type=\"widget\" data-e-type=\"widget\" data-widget_type=\"elementskit-heading.default\">\n\t\t\t\t<div class=\"elementor-widget-container\">\n\t\t\t\t\t<div class=\"ekit-wid-con\" ><div class=\"ekit-heading elementskit-section-title-wraper text_center   ekit_heading_tablet-   ekit_heading_mobile-\"><h1 class=\"ekit-heading--title elementskit-section-title \">Impressum<\/h1><\/div><\/div>\t\t\t\t<\/div>\n\t\t\t\t<\/div>\n\t\t\t\t<div class=\"elementor-element elementor-element-0c850c6 elementor-widget elementor-widget-heading\" data-id=\"0c850c6\" data-element_type=\"widget\" data-e-type=\"widget\" data-widget_type=\"heading.default\">\n\t\t\t\t<div class=\"elementor-widget-container\">\n\t\t\t\t\t<h2 class=\"elementor-heading-title elementor-size-default\">Angaben gem\u00e4\u00df \u00a7 5 TMG<\/h2>\t\t\t\t<\/div>\n\t\t\t\t<\/div>\n\t\t\t\t<div class=\"elementor-element elementor-element-62149a3 elementor-widget elementor-widget-text-editor\" data-id=\"62149a3\" data-element_type=\"widget\" data-e-type=\"widget\" data-widget_type=\"text-editor.default\">\n\t\t\t\t<div class=\"elementor-widget-container\">\n\t\t\t\t\t\t\t\t\t<p>Versicherungsmakler<br \/>S\u00f6ren Thomanek<br \/>c\/o flexdienst \u2013 #10317<br \/>Kurt-Schumacher-Stra\u00dfe 76<br \/>67663 Kaiserslautern<\/p>\t\t\t\t\t\t\t\t<\/div>\n\t\t\t\t<\/div>\n\t\t\t\t<div class=\"elementor-element elementor-element-e9960e3 elementor-widget elementor-widget-text-editor\" data-id=\"e9960e3\" data-element_type=\"widget\" data-e-type=\"widget\" data-widget_type=\"text-editor.default\">\n\t\t\t\t<div class=\"elementor-widget-container\">\n\t\t\t\t\t\t\t\t\t<p>Der Versicherungsmakler ist mit einer Erlaubnis nach \u00a7 34d Abs. 1 der Gewerbeordnung bei der zust\u00e4ndigen Beh\u00f6rde, der Industrie- und Handelskammer gemeldet und im Vermittlerregister unter der Registrierungsnummer: D-50JF-EVLS1-21 registriert und erh\u00e4lt eine Verm\u00f6gensschaden-Haftpflichtversicherung gem\u00e4\u00df den gesetzlichen Bestimmungen aufrecht.<\/p><p>Er bietet im Zuge der Vermittlung eine Beratung gem\u00e4\u00df den aktuellen gesetzlichen Bestimmungen an und erh\u00e4lt ggf. f\u00fcr die erfolgreiche Vermittlung eines Versicherungsvertrages eine Provision vom Produktanbieter. Diese ist bereits in der Versicherungspr\u00e4mie enthalten und somit vom Kunden nicht separat zu bezahlen. Eine abweichende Verg\u00fctungsvereinbarung f\u00fcr die Versicherungsvermittlung bedarf einer gesonderten schriftlichen Vereinbarung zwischen dem Versicherungsmakler und dem Interessenten.<\/p><p>Gemeinsame Registerstelle gem. \u00a7 11a Abs. 1 und \u00a7 34d GewO: <br \/>DIHK | Deutscher Industrie- und Handelskammertag e.V. <br \/>Breite Stra\u00dfe 29, 10178 Berlin <br \/>Telefon: (0 180) 60 05 85 0 (0,20 EUR pro Anruf) <br \/>E-Mail: <a href=\"mailto:vr@dihk.de\">vr@dihk.de<\/a><br \/><a href=\"https:\/\/www.vermittlerregister.info\" target=\"_blank\" rel=\"nofollow noopener sponsored\">www.vermittlerregister.info<\/a><\/p><p>Schlichtungsstellen f\u00fcr Streitigkeiten: <br \/>Versicherungsombudsmann e.V. <br \/>Postfach 08 06 32, 10006 Berlin<br \/>Ombudsmann private Kranken- und Pflegeversicherung <br \/>Postfach 06 02 22, 10052 Berlin<br \/><a href=\"https:\/\/www.versicherungsombudsmann.de\" target=\"_blank\" rel=\"nofollow noopener sponsored\">https:\/\/www.versicherungsombudsmann.de<\/a><\/p>\t\t\t\t\t\t\t\t<\/div>\n\t\t\t\t<\/div>\n\t\t\t\t<div class=\"elementor-element elementor-element-5b7e942 elementor-widget elementor-widget-heading\" data-id=\"5b7e942\" data-element_type=\"widget\" data-e-type=\"widget\" data-widget_type=\"heading.default\">\n\t\t\t\t<div class=\"elementor-widget-container\">\n\t\t\t\t\t<h2 class=\"elementor-heading-title elementor-size-default\">Kontakt<\/h2>\t\t\t\t<\/div>\n\t\t\t\t<\/div>\n\t\t\t\t<div class=\"elementor-element elementor-element-b2e5bd5 elementor-widget elementor-widget-text-editor\" data-id=\"b2e5bd5\" data-element_type=\"widget\" data-e-type=\"widget\" data-widget_type=\"text-editor.default\">\n\t\t\t\t<div class=\"elementor-widget-container\">\n\t\t\t\t\t\t\t\t\t<p>Mobil: <a href=\"tel:+4915679580678\">+49 15679 580678<\/a><br \/>E-Mail: <a href=\"mailto:info@soeren-thomanek.de\">info@soeren-thomanek.de<\/a><\/p>\t\t\t\t\t\t\t\t<\/div>\n\t\t\t\t<\/div>\n\t\t\t\t<div class=\"elementor-element elementor-element-d4c4bae elementor-widget elementor-widget-heading\" data-id=\"d4c4bae\" data-element_type=\"widget\" data-e-type=\"widget\" data-widget_type=\"heading.default\">\n\t\t\t\t<div class=\"elementor-widget-container\">\n\t\t\t\t\t<h2 class=\"elementor-heading-title elementor-size-default\">Umsetzung Webdesign<\/h2>\t\t\t\t<\/div>\n\t\t\t\t<\/div>\n\t\t\t\t<div class=\"elementor-element elementor-element-f81b98b elementor-widget elementor-widget-text-editor\" data-id=\"f81b98b\" data-element_type=\"widget\" data-e-type=\"widget\" data-widget_type=\"text-editor.default\">\n\t\t\t\t<div class=\"elementor-widget-container\">\n\t\t\t\t\t\t\t\t\t<p>Technische und gestalterische Umsetzung durch <a href=\"https:\/\/polar-marketing.de\" rel=\"nofollow\" target=\"_blank\">Webagentur Polar Marketing GmbH aus Dresden<\/a>.<\/p>\t\t\t\t\t\t\t\t<\/div>\n\t\t\t\t<\/div>\n\t\t\t\t<div class=\"elementor-element elementor-element-fec4c75 premium-mouse-detect-yes premium-lq__none elementor-widget elementor-widget-premium-addon-button\" data-id=\"fec4c75\" data-element_type=\"widget\" data-e-type=\"widget\" data-settings=\"{&quot;_animation&quot;:&quot;none&quot;,&quot;_animation_delay&quot;:1200}\" data-widget_type=\"premium-addon-button.default\">\n\t\t\t\t<div class=\"elementor-widget-container\">\n\t\t\t\t\t\n\n\t\t<a class=\"premium-button premium-button-style6 premium-btn-lg premium-button-style6\" href=\"\/\">\n\t\t\t<div class=\"premium-button-text-icon-wrapper\">\n\t\t\t\t\n\t\t\t\t\t\t\t\t\t<span >\n\t\t\t\t\t\tzur Startseite\t\t\t\t\t<\/span>\n\t\t\t\t\t\t\t<\/div>\n\n\t\t\t\n\t\t\t\t\t\t\t<span class=\"premium-button-style6-bg\"><\/span>\n\t\t\t\n\t\t\t\n\t\t<\/a>\n\n\n\t\t\t\t\t\t<\/div>\n\t\t\t\t<\/div>\n\t\t\t\t\t<\/div>\n\t\t\t\t<\/div>\n\t\t\t\t<\/div>\n\t\t","protected":false},"excerpt":{"rendered":"<p>Impressum Angaben gem\u00e4\u00df \u00a7 5 TMG VersicherungsmaklerS\u00f6ren Thomanekc\/o flexdienst \u2013 #10317Kurt-Schumacher-Stra\u00dfe 7667663 Kaiserslautern Der Versicherungsmakler ist mit einer Erlaubnis nach \u00a7 34d Abs. 1 der Gewerbeordnung bei der zust\u00e4ndigen Beh\u00f6rde, der Industrie- und Handelskammer gemeldet und im Vermittlerregister unter der Registrierungsnummer: D-50JF-EVLS1-21 registriert und erh\u00e4lt eine Verm\u00f6gensschaden-Haftpflichtversicherung gem\u00e4\u00df den gesetzlichen Bestimmungen aufrecht. Er bietet im [&hellip;]<\/p>\n","protected":false},"author":1,"featured_media":0,"parent":0,"menu_order":0,"comment_status":"closed","ping_status":"closed","template":"elementor_canvas","meta":{"_seopress_robots_primary_cat":"","_seopress_titles_title":"","_seopress_titles_desc":"","_seopress_robots_index":"","footnotes":""},"class_list":["post-450","page","type-page","status-publish","hentry"],"_links":{"self":[{"href":"https:\/\/soeren-thomanek.de\/index.php\/wp-json\/wp\/v2\/pages\/450","targetHints":{"allow":["GET"]}}],"collection":[{"href":"https:\/\/soeren-thomanek.de\/index.php\/wp-json\/wp\/v2\/pages"}],"about":[{"href":"https:\/\/soeren-thomanek.de\/index.php\/wp-json\/wp\/v2\/types\/page"}],"author":[{"embeddable":true,"href":"https:\/\/soeren-thomanek.de\/index.php\/wp-json\/wp\/v2\/users\/1"}],"replies":[{"embeddable":true,"href":"https:\/\/soeren-thomanek.de\/index.php\/wp-json\/wp\/v2\/comments?post=450"}],"version-history":[{"count":0,"href":"https:\/\/soeren-thomanek.de\/index.php\/wp-json\/wp\/v2\/pages\/450\/revisions"}],"wp:attachment":[{"href":"https:\/\/soeren-thomanek.de\/index.php\/wp-json\/wp\/v2\/media?parent=450"}],"curies":[{"name":"wp","href":"https:\/\/api.w.org\/{rel}","templated":true}]}}